{"id":191,"date":"2011-01-07T18:56:32","date_gmt":"2011-01-07T18:56:32","guid":{"rendered":"http:\/\/carlottastermaria.wordpress.com\/?page_id=2"},"modified":"2021-01-19T19:27:48","modified_gmt":"2021-01-19T18:27:48","slug":"a-propos-2","status":"publish","type":"page","link":"https:\/\/carlotta.land\/index.php\/fr\/a-propos-2\/","title":{"rendered":"\u00c0 propos"},"content":{"rendered":"\n<h3 class=\"p1\"><span class=\"s1\"><b>Carlotta qui ?<\/b><\/span><\/h3>\n\n\n\n<p class=\"p2\"><span class=\"s1\">Carlotta est un pseudonyme qui me d\u00e9signe depuis plusieurs ann\u00e9es d\u00e9sormais. Il reste sur ce blog des traces de ma pr\u00e9c\u00e9dente incarnation, du temps o\u00f9 je lui accolais le patronyme de Stermaria, issu de\u00a0l&#8217;une de mes oeuvres litt\u00e9raires pr\u00e9f\u00e9r\u00e9es ; pris ensemble, ces deux mots ont longtemps d\u00e9sign\u00e9 bien autre chose : ma personnalit\u00e9 curieuse-r\u00eaveuse, la grande personne bien habill\u00e9e que j&#8217;aimerais (enfin) devenir, et ce carnet de bord.<br><\/span><\/p>\n\n\n\n<p class=\"p2\">A l&#8217;occasion d&#8217;un petit al\u00e9as, je me suis enfin d\u00e9barrass\u00e9e de l&#8217;encombrant Stermaria : appelez-moi tout simplement Carlotta, et bienvenue chez moi.<\/p>\n\n\n\n<h3 class=\"p1\"><span class=\"s1\"><b>Le blog<\/b><\/span><\/h3>\n\n\n\n<p class=\"p2\"><span class=\"s1\">Ce blog un rien touche-\u00e0-tout est mon petit coin personnel des internets ; j&#8217;y aborde des questions qui me sont ch\u00e8res et qui ont majoritairement trait aux styles au pluriel : \u00e9norm\u00e9ment de couture, un soup\u00e7on de cin\u00e9ma, quelques r\u00e9flexions sur notre fa\u00e7on d&#8217;habiter nos vies et nos v\u00eatements.<br><\/span><\/p>\n\n\n\n<p class=\"p2\"><span class=\"s1\">Pour les illustrer, j&#8217;ai beaucoup utilis\u00e9 les images de l&#8217;un de mes illustrateurs et affichistes pr\u00e9f\u00e9r\u00e9s : le fabuleux Ren\u00e9 Gruau, mais la plupart de mes images ont saut\u00e9 pendant la migration de mon blog. Vous y verrez aussi quelques croquis de mon propre cru, et quand cela est possible, j&#8217;ai la chance de\u00a0collaborer avec mon amie <a href=\"http:\/\/noctvrna.com\/\"><span class=\"s2\">Noctvrna<\/span><\/a>\u00a0lors de s\u00e9ances photo.<\/span><\/p>\n\n\n\n<h3 class=\"p1\"><span class=\"s1\"><b>IRL<\/b><\/span><\/h3>\n\n\n\n<p class=\"p2\"><span class=\"s1\">Sinon, &#8220;dans la vraie vie&#8221;, je m\u2019appelle Charlotte, je travaille dans ce qu&#8217;il est convenu d&#8217;apppeler la &#8220;french tech&#8221; \u00e0 Nantes o\u00f9 je r\u00e9nove une petite tranche de maison et son minuscule jardin avec mon amoureux et notre chat- berceau du merveilleux Jacques Demy. Je danse, je chante, je roule \u00e0 v\u00e9lo par tous les temps, et aux beaux jours, on peut me retrouver en vadrouille, souvent sur un paddle.<br><\/span><\/p>\n\n\n\n<h3 class=\"p1\"><span class=\"s1\"><b>Un petit mot ?<br><\/b><\/span><\/h3>\n\n\n\n<p class=\"p2\"><span class=\"s1\">Si vous&nbsp;avez une question, un projet \u00e0 partager&#8230; ou tout simplement parce que \u00e7a vous prend, vous pouvez me contacter en remplissant le formulaire ci-dessous. Au plaisir !<\/span><\/p>\n\n\n<div role=\"form\" class=\"wpcf7\" id=\"wpcf7-f2777-o1\" lang=\"en-US\" dir=\"ltr\">\n<div class=\"screen-reader-response\"><\/div>\n<form action=\"\/index.php\/wp-json\/wp\/v2\/pages\/191#wpcf7-f2777-o1\" method=\"post\" class=\"wpcf7-form\" novalidate=\"novalidate\">\n<div style=\"display: none;\">\n<input type=\"hidden\" name=\"_wpcf7\" value=\"2777\" \/>\n<input type=\"hidden\" name=\"_wpcf7_version\" value=\"5.0.5\" \/>\n<input type=\"hidden\" name=\"_wpcf7_locale\" value=\"en_US\" \/>\n<input type=\"hidden\" name=\"_wpcf7_unit_tag\" value=\"wpcf7-f2777-o1\" \/>\n<input type=\"hidden\" name=\"_wpcf7_container_post\" value=\"0\" \/>\n<\/div>\n<p><label> Votre nom (requis)<br \/>\n    <span class=\"wpcf7-form-control-wrap your-name\"><input type=\"text\" name=\"your-name\" value=\"\" size=\"40\" class=\"wpcf7-form-control wpcf7-text wpcf7-validates-as-required\" aria-required=\"true\" aria-invalid=\"false\" \/><\/span> <\/label><\/p>\n<p><label> Votre adresse mail (requis)<br \/>\n    <span class=\"wpcf7-form-control-wrap your-email\"><input type=\"email\" name=\"your-email\" value=\"\" size=\"40\" class=\"wpcf7-form-control wpcf7-text wpcf7-email wpcf7-validates-as-required wpcf7-validates-as-email\" aria-required=\"true\" aria-invalid=\"false\" \/><\/span> <\/label><\/p>\n<p><label> Sujet<br \/>\n    <span class=\"wpcf7-form-control-wrap your-subject\"><input type=\"text\" name=\"your-subject\" value=\"\" size=\"40\" class=\"wpcf7-form-control wpcf7-text\" aria-invalid=\"false\" \/><\/span> <\/label><\/p>\n<p><label> Votre message<br \/>\n    <span class=\"wpcf7-form-control-wrap your-message\"><textarea name=\"your-message\" cols=\"40\" rows=\"10\" class=\"wpcf7-form-control wpcf7-textarea\" aria-invalid=\"false\"><\/textarea><\/span> <\/label><\/p>\n<p><input type=\"submit\" value=\"Envoyer\" class=\"wpcf7-form-control wpcf7-submit\" \/><\/p>\n<div class=\"wpcf7-response-output wpcf7-display-none\"><\/div><\/form><\/div>\n","protected":false},"excerpt":{"rendered":"<p>Carlotta qui ? Carlotta est un pseudonyme qui me d\u00e9signe depuis plusieurs ann\u00e9es d\u00e9sormais. Il reste sur ce blog des traces de ma pr\u00e9c\u00e9dente incarnation, du temps o\u00f9 je lui accolais le patronyme de Stermaria, issu de\u00a0l&#8217;une de mes oeuvres litt\u00e9raires pr\u00e9f\u00e9r\u00e9es ; pris ensemble, ces deux mots ont longtemps d\u00e9sign\u00e9 bien autre chose :<a class=\"more-link\" href=\"https:\/\/carlotta.land\/index.php\/fr\/a-propos-2\/\">Continue reading <span class=\"screen-reader-text\">&#8220;\u00c0 propos&#8221;<\/span><\/a><\/p>\n","protected":false},"author":1,"featured_media":0,"parent":0,"menu_order":0,"comment_status":"closed","ping_status":"open","template":"","meta":[],"_links":{"self":[{"href":"https:\/\/carlotta.land\/index.php\/wp-json\/wp\/v2\/pages\/191"}],"collection":[{"href":"https:\/\/carlotta.land\/index.php\/wp-json\/wp\/v2\/pages"}],"about":[{"href":"https:\/\/carlotta.land\/index.php\/wp-json\/wp\/v2\/types\/page"}],"author":[{"embeddable":true,"href":"https:\/\/carlotta.land\/index.php\/wp-json\/wp\/v2\/users\/1"}],"replies":[{"embeddable":true,"href":"https:\/\/carlotta.land\/index.php\/wp-json\/wp\/v2\/comments?post=191"}],"version-history":[{"count":3,"href":"https:\/\/carlotta.land\/index.php\/wp-json\/wp\/v2\/pages\/191\/revisions"}],"predecessor-version":[{"id":2849,"href":"https:\/\/carlotta.land\/index.php\/wp-json\/wp\/v2\/pages\/191\/revisions\/2849"}],"wp:attachment":[{"href":"https:\/\/carlotta.land\/index.php\/wp-json\/wp\/v2\/media?parent=191"}],"curies":[{"name":"wp","href":"https:\/\/api.w.org\/{rel}","templated":true}]}}